{"id":8,"date":"2022-08-18T10:45:11","date_gmt":"2022-08-18T13:45:11","guid":{"rendered":"http:\/\/localhost\/escola-evolucao2\/blog\/?page_id=8"},"modified":"2022-09-26T15:18:41","modified_gmt":"2022-09-26T18:18:41","slug":"home","status":"publish","type":"page","link":"https:\/\/www.escolaevolucao.g12.br\/blog\/","title":{"rendered":"Blog"},"content":{"rendered":"<section class=\"wp-block-ub-post-grid ub-block-post-grid align posts-blog is-equal-height  preserve-post-image-aspect-ratio\" style=\"\" id=\"ub-post-grid-\"><div class=\"ub-post-grid-items is-grid columns-1\" style=\"row-gap: 32px; column-gap: 32px; \"><article id=\"post-15102\" class=\"ub-post-grid-item post-15102 post type-post status-publish format-standard hentry category-sem-categoria\" style=\"\"><div class=\"ub-block-post-grid-text\" style=\"\"><div class=\"ub-block-post-grid-header-content\"><header class=\"ub-block-post-grid-header\"><h2 class=\"ub-block-post-grid-title\"><a style=\"\" href=\"https:\/\/www.escolaevolucao.g12.br\/blog\/dia-internacional-da-pessoa-com-deficiencia-desafios-e-caminhos-da-educacao-especial-inclusiva-no-brasil\/\" rel=\"bookmark\">Dia Internacional da Pessoa com Defici\u00eancia: Desafios e Caminhos da Educa\u00e7\u00e3o Especial Inclusiva no Brasil<\/a><\/h2><time datetime=\"2025-12-05T16:30:27-03:00\" class=\"ub-block-post-grid-date\" style=\"\" itemprop=\"datePublished\">5 de dezembro de 2025<\/time><\/header><\/div><div class=\"ub-block-post-grid-excerpt\"><div class=\"ub-block-post-grid-excerpt-text\" style=\"\"><p>No contexto do Dia Internacional da Pessoa com Defici\u00eancia (03\/12), o debate sobre inclus\u00e3o escolar\u2026<\/p>\n<\/div><\/div><\/div><\/article>\n<article id=\"post-15083\" class=\"ub-post-grid-item post-15083 post type-post status-publish format-standard hentry category-sem-categoria\" style=\"\"><div class=\"ub-block-post-grid-text\" style=\"\"><div class=\"ub-block-post-grid-header-content\"><header class=\"ub-block-post-grid-header\"><h2 class=\"ub-block-post-grid-title\"><a style=\"\" href=\"https:\/\/www.escolaevolucao.g12.br\/blog\/7-dicas-essenciais-para-escolher-a-escola-do-seu-filho\/\" rel=\"bookmark\">7 dicas essenciais para escolher a escola do seu filho<\/a><\/h2><time datetime=\"2025-12-02T13:31:43-03:00\" class=\"ub-block-post-grid-date\" style=\"\" itemprop=\"datePublished\">2 de dezembro de 2025<\/time><\/header><\/div><div class=\"ub-block-post-grid-excerpt\"><div class=\"ub-block-post-grid-excerpt-text\" style=\"\"><p>Escolher a escola ou renovar a matr\u00edcula da crian\u00e7a vai muito al\u00e9m de observar apenas\u2026<\/p>\n<\/div><\/div><\/div><\/article>\n<article id=\"post-15059\" class=\"ub-post-grid-item post-15059 post type-post status-publish format-standard hentry category-eventos-e-acoes\" style=\"\"><div class=\"ub-block-post-grid-text\" style=\"\"><div class=\"ub-block-post-grid-header-content\"><header class=\"ub-block-post-grid-header\"><h2 class=\"ub-block-post-grid-title\"><a style=\"\" href=\"https:\/\/www.escolaevolucao.g12.br\/blog\/treinamento-primeiros-socorros-e-brigada-de-incendio\/\" rel=\"bookmark\">Treinamento Primeiros Socorros e Brigada de Inc\u00eandio<\/a><\/h2><time datetime=\"2025-02-02T11:33:25-03:00\" class=\"ub-block-post-grid-date\" style=\"\" itemprop=\"datePublished\">2 de fevereiro de 2025<\/time><\/header><\/div><div class=\"ub-block-post-grid-excerpt\"><div class=\"ub-block-post-grid-excerpt-text\" style=\"\"><p>Mais do que ensinar, n\u00f3s cuidamos! No s\u00e1bado, 01 de fevereiro, a equipe do Evolu\u00e7\u00e3o\u2026<\/p>\n<\/div><\/div><\/div><\/article>\n<article id=\"post-15042\" class=\"ub-post-grid-item post-15042 post type-post status-publish format-standard hentry category-eventos-e-acoes\" style=\"\"><div class=\"ub-block-post-grid-text\" style=\"\"><div class=\"ub-block-post-grid-header-content\"><header class=\"ub-block-post-grid-header\"><h2 class=\"ub-block-post-grid-title\"><a style=\"\" href=\"https:\/\/www.escolaevolucao.g12.br\/blog\/cantata-de-natal\/\" rel=\"bookmark\">Cantata de Natal<\/a><\/h2><time datetime=\"2024-12-16T10:14:18-03:00\" class=\"ub-block-post-grid-date\" style=\"\" itemprop=\"datePublished\">16 de dezembro de 2024<\/time><\/header><\/div><div class=\"ub-block-post-grid-excerpt\"><\/div><\/div><\/article>\n<article id=\"post-15027\" class=\"ub-post-grid-item post-15027 post type-post status-publish format-standard hentry category-eduall-programa-bilingue category-lider-em-mim\" style=\"\"><div class=\"ub-block-post-grid-text\" style=\"\"><div class=\"ub-block-post-grid-header-content\"><header class=\"ub-block-post-grid-header\"><h2 class=\"ub-block-post-grid-title\"><a style=\"\" href=\"https:\/\/www.escolaevolucao.g12.br\/blog\/intercambio-evolucao\/\" rel=\"bookmark\">Interc\u00e2mbio Evolu\u00e7\u00e3o<\/a><\/h2><time datetime=\"2024-12-16T09:49:21-03:00\" class=\"ub-block-post-grid-date\" style=\"\" itemprop=\"datePublished\">16 de dezembro de 2024<\/time><\/header><\/div><div class=\"ub-block-post-grid-excerpt\"><div class=\"ub-block-post-grid-excerpt-text\" style=\"\"><p>Isabela Stockman uses all the first habits that involve the \u201cPrivate Victory\u201d to get the\u2026<\/p>\n<\/div><\/div><\/div><\/article>\n<article id=\"post-15012\" class=\"ub-post-grid-item post-15012 post type-post status-publish format-standard hentry category-nonoano\" style=\"\"><div class=\"ub-block-post-grid-text\" style=\"\"><div class=\"ub-block-post-grid-header-content\"><header class=\"ub-block-post-grid-header\"><h2 class=\"ub-block-post-grid-title\"><a style=\"\" href=\"https:\/\/www.escolaevolucao.g12.br\/blog\/passeio-de-formatura-9o-ano\/\" rel=\"bookmark\">Passeio de formatura \u2013 9\u00ba ano<\/a><\/h2><time datetime=\"2024-11-02T18:59:54-03:00\" class=\"ub-block-post-grid-date\" style=\"\" itemprop=\"datePublished\">2 de novembro de 2024<\/time><\/header><\/div><div class=\"ub-block-post-grid-excerpt\"><\/div><\/div><\/article>\n<article id=\"post-15002\" class=\"ub-post-grid-item post-15002 post type-post status-publish format-standard hentry category-quartoano\" style=\"\"><div class=\"ub-block-post-grid-text\" style=\"\"><div class=\"ub-block-post-grid-header-content\"><header class=\"ub-block-post-grid-header\"><h2 class=\"ub-block-post-grid-title\"><a style=\"\" href=\"https:\/\/www.escolaevolucao.g12.br\/blog\/relogio-de-sol-tempo-e-localizacao\/\" rel=\"bookmark\">Rel\u00f3gio de Sol: Tempo e localiza\u00e7\u00e3o<\/a><\/h2><time datetime=\"2024-10-20T23:19:08-03:00\" class=\"ub-block-post-grid-date\" style=\"\" itemprop=\"datePublished\">20 de outubro de 2024<\/time><\/header><\/div><div class=\"ub-block-post-grid-excerpt\"><div class=\"ub-block-post-grid-excerpt-text\" style=\"\"><p>Aula de Ci\u00eancias \u2013 Conectada ao L\u00edder em Mim T\u00edtulo da a\u00e7\u00e3o: Tempo e localiza\u00e7\u00e3o.\u2026<\/p>\n<\/div><\/div><\/div><\/article>\n<article id=\"post-14994\" class=\"ub-post-grid-item post-14994 post type-post status-publish format-standard hentry category-quintoano category-lider-em-mim\" style=\"\"><div class=\"ub-block-post-grid-text\" style=\"\"><div class=\"ub-block-post-grid-header-content\"><header class=\"ub-block-post-grid-header\"><h2 class=\"ub-block-post-grid-title\"><a style=\"\" href=\"https:\/\/www.escolaevolucao.g12.br\/blog\/colaborando-com-outras-pessoas\/\" rel=\"bookmark\">Colaborando com outras pessoas<\/a><\/h2><time datetime=\"2024-10-20T22:44:38-03:00\" class=\"ub-block-post-grid-date\" style=\"\" itemprop=\"datePublished\">20 de outubro de 2024<\/time><\/header><\/div><div class=\"ub-block-post-grid-excerpt\"><div class=\"ub-block-post-grid-excerpt-text\" style=\"\"><p>Aula L\u00edder em Mim T\u00edtulo da a\u00e7\u00e3o: Colaborando com outras pessoas. Objetivo da a\u00e7\u00e3o L\u00edder\u2026<\/p>\n<\/div><\/div><\/div><\/article>\n<article id=\"post-14980\" class=\"ub-post-grid-item post-14980 post type-post status-publish format-standard hentry category-quintoano\" style=\"\"><div class=\"ub-block-post-grid-text\" style=\"\"><div class=\"ub-block-post-grid-header-content\"><header class=\"ub-block-post-grid-header\"><h2 class=\"ub-block-post-grid-title\"><a style=\"\" href=\"https:\/\/www.escolaevolucao.g12.br\/blog\/sistema-excretor-e-cardiovascular-com-massinha\/\" rel=\"bookmark\">Sistema Excretor e Cardiovascular com massinha<\/a><\/h2><time datetime=\"2024-10-20T22:42:18-03:00\" class=\"ub-block-post-grid-date\" style=\"\" itemprop=\"datePublished\">20 de outubro de 2024<\/time><\/header><\/div><div class=\"ub-block-post-grid-excerpt\"><div class=\"ub-block-post-grid-excerpt-text\" style=\"\"><p>5\u00ba ano \u2013 Aula de Ci\u00eancias conectada ao L\u00edder Em Mim. Sistema Excretor e Cardiovascular\u2026<\/p>\n<\/div><\/div><\/div><\/article>\n<article id=\"post-14960\" class=\"ub-post-grid-item post-14960 post type-post status-publish format-standard hentry category-quintoano category-lider-em-mim\" style=\"\"><div class=\"ub-block-post-grid-text\" style=\"\"><div class=\"ub-block-post-grid-header-content\"><header class=\"ub-block-post-grid-header\"><h2 class=\"ub-block-post-grid-title\"><a style=\"\" href=\"https:\/\/www.escolaevolucao.g12.br\/blog\/batalha-naval-coordenada-e-trajetos\/\" rel=\"bookmark\">Batalha Naval \u2013 Coordenada e Trajetos<\/a><\/h2><time datetime=\"2024-10-19T19:55:59-03:00\" class=\"ub-block-post-grid-date\" style=\"\" itemprop=\"datePublished\">19 de outubro de 2024<\/time><\/header><\/div><div class=\"ub-block-post-grid-excerpt\"><div class=\"ub-block-post-grid-excerpt-text\" style=\"\"><p>L\u00edder Em Mim \u2013 Conectando com Matem\u00e1tica \ud83c\udf33 \ud83c\udf4e T\u00edtulo da a\u00e7\u00e3o: H\u00e1bito 2 -\u2026<\/p>\n<\/div><\/div><\/div><\/article>\n<\/div><\/section>","protected":false},"excerpt":{"rendered":"","protected":false},"author":1,"featured_media":0,"parent":0,"menu_order":0,"comment_status":"closed","ping_status":"closed","template":"","meta":{"site-sidebar-layout":"right-sidebar","site-content-layout":"plain-container","ast-site-content-layout":"","site-content-style":"default","site-sidebar-style":"default","ast-global-header-display":"","ast-banner-title-visibility":"","ast-main-header-display":"","ast-hfb-above-header-display":"","ast-hfb-below-header-display":"","ast-hfb-mobile-header-display":"","site-post-title":"disabled","ast-breadcrumbs-content":"","ast-featured-img":"","footer-sml-layout":"","theme-transparent-header-meta":"default","adv-header-id-meta":"","stick-header-meta":"","header-above-stick-meta":"","header-main-stick-meta":"","header-below-stick-meta":"","astra-migrate-meta-layouts":"default","ast-page-background-enabled":"default","ast-page-background-meta":{"desktop":{"background-color":"var(--ast-global-color-4)","background-image":"","background-repeat":"repeat","background-position":"center center","background-size":"auto","background-attachment":"scroll","background-type":"","background-media":"","overlay-type":"","overlay-color":"","overlay-gradient":""},"tablet":{"background-color":"","background-image":"","background-repeat":"repeat","background-position":"center center","background-size":"auto","background-attachment":"scroll","background-type":"","background-media":"","overlay-type":"","overlay-color":"","overlay-gradient":""},"mobile":{"background-color":"","background-image":"","background-repeat":"repeat","background-position":"center center","background-size":"auto","background-attachment":"scroll","background-type":"","background-media":"","overlay-type":"","overlay-color":"","overlay-gradient":""}},"ast-content-background-meta":{"desktop":{"background-color":"var(--ast-global-color-5)","background-image":"","background-repeat":"repeat","background-position":"center center","background-size":"auto","background-attachment":"scroll","background-type":"","background-media":"","overlay-type":"","overlay-color":"","overlay-gradient":""},"tablet":{"background-color":"var(--ast-global-color-5)","background-image":"","background-repeat":"repeat","background-position":"center center","background-size":"auto","background-attachment":"scroll","background-type":"","background-media":"","overlay-type":"","overlay-color":"","overlay-gradient":""},"mobile":{"background-color":"var(--ast-global-color-5)","background-image":"","background-repeat":"repeat","background-position":"center center","background-size":"auto","background-attachment":"scroll","background-type":"","background-media":"","overlay-type":"","overlay-color":"","overlay-gradient":""}},"footnotes":""},"class_list":["post-8","page","type-page","status-publish","hentry"],"featured_image_src":null,"_links":{"self":[{"href":"https:\/\/www.escolaevolucao.g12.br\/blog\/wp-json\/wp\/v2\/pages\/8","targetHints":{"allow":["GET"]}}],"collection":[{"href":"https:\/\/www.escolaevolucao.g12.br\/blog\/wp-json\/wp\/v2\/pages"}],"about":[{"href":"https:\/\/www.escolaevolucao.g12.br\/blog\/wp-json\/wp\/v2\/types\/page"}],"author":[{"embeddable":true,"href":"https:\/\/www.escolaevolucao.g12.br\/blog\/wp-json\/wp\/v2\/users\/1"}],"replies":[{"embeddable":true,"href":"https:\/\/www.escolaevolucao.g12.br\/blog\/wp-json\/wp\/v2\/comments?post=8"}],"version-history":[{"count":24,"href":"https:\/\/www.escolaevolucao.g12.br\/blog\/wp-json\/wp\/v2\/pages\/8\/revisions"}],"predecessor-version":[{"id":15082,"href":"https:\/\/www.escolaevolucao.g12.br\/blog\/wp-json\/wp\/v2\/pages\/8\/revisions\/15082"}],"wp:attachment":[{"href":"https:\/\/www.escolaevolucao.g12.br\/blog\/wp-json\/wp\/v2\/media?parent=8"}],"curies":[{"name":"wp","href":"https:\/\/api.w.org\/{rel}","templated":true}]}}